{"id":215,"date":"2024-04-14T19:20:43","date_gmt":"2024-04-14T19:20:43","guid":{"rendered":"https:\/\/inspecsolutions.ca\/services\/"},"modified":"2024-11-29T12:28:27","modified_gmt":"2024-11-29T16:28:27","slug":"services","status":"publish","type":"page","link":"https:\/\/inspecsolutions.ca\/en\/services\/","title":{"rendered":"Roof inspection"},"content":{"rendered":"<p>[et_pb_section fb_built=&#8221;1&#8243; _builder_version=&#8221;4.24.3&#8243; _module_preset=&#8221;default&#8221; background_color=&#8221;#0A4268&#8243; custom_margin=&#8221;0px||0px||false|false&#8221; custom_padding=&#8221;10px||5px||false|false&#8221; global_colors_info=&#8221;{}&#8221;][et_pb_row _builder_version=&#8221;4.24.3&#8243; _module_preset=&#8221;default&#8221; global_colors_info=&#8221;{}&#8221;][et_pb_column type=&#8221;4_4&#8243; _builder_version=&#8221;4.24.3&#8243; _module_preset=&#8221;default&#8221; global_colors_info=&#8221;{}&#8221;][et_pb_post_title meta=&#8221;off&#8221; featured_image=&#8221;off&#8221; _builder_version=&#8221;4.27.2&#8243; _module_preset=&#8221;default&#8221; title_font=&#8221;|700|||||||&#8221; title_text_color=&#8221;#FFFFFF&#8221; custom_margin=&#8221;||11px|||&#8221; global_colors_info=&#8221;{}&#8221;][\/et_pb_post_title][et_pb_text _builder_version=&#8221;4.27.2&#8243; _module_preset=&#8221;default&#8221; header_2_text_color=&#8221;#FFFFFF&#8221; header_2_font_size=&#8221;20px&#8221; global_colors_info=&#8221;{}&#8221;]<\/p>\n<h2>Roof inspection and preventive maintenance<\/h2>\n<p>[\/et_pb_text][\/et_pb_column][\/et_pb_row][\/et_pb_section][et_pb_section fb_built=&#8221;1&#8243; admin_label=&#8221;Statistics&#8221; _builder_version=&#8221;4.16&#8243; custom_padding=&#8221;60px||60px||true|&#8221; global_colors_info=&#8221;{}&#8221;][et_pb_row _builder_version=&#8221;4.24.3&#8243; _module_preset=&#8221;default&#8221; global_colors_info=&#8221;{}&#8221;][et_pb_column type=&#8221;4_4&#8243; _builder_version=&#8221;4.24.3&#8243; _module_preset=&#8221;default&#8221; global_colors_info=&#8221;{}&#8221;][et_pb_divider color=&#8221;#0A4268&#8243; divider_weight=&#8221;3px&#8221; disabled_on=&#8221;off|off|off&#8221; _builder_version=&#8221;4.24.3&#8243; background_color_gradient_direction=&#8221;90deg&#8221; max_width=&#8221;100px&#8221; module_alignment=&#8221;center&#8221; height=&#8221;5px&#8221; custom_margin=&#8221;||20px|&#8221; custom_padding=&#8221;||20px|&#8221; animation_style=&#8221;slide&#8221; animation_direction=&#8221;bottom&#8221; saved_tabs=&#8221;all&#8221; locked=&#8221;off&#8221; global_colors_info=&#8221;{}&#8221;][\/et_pb_divider][et_pb_text admin_label=&#8221;Statistics Section Title&#8221; _builder_version=&#8221;4.27.2&#8243; text_font=&#8221;|||on|||||&#8221; header_font=&#8221;Montserrat|||on|||||&#8221; header_text_color=&#8221;#1f1f1f&#8221; header_font_size=&#8221;36px&#8221; text_orientation=&#8221;center&#8221; max_width=&#8221;710px&#8221; module_alignment=&#8221;center&#8221; animation_style=&#8221;fold&#8221; animation_direction=&#8221;bottom&#8221; animation_intensity_fold=&#8221;20%&#8221; global_colors_info=&#8221;{}&#8221;]<\/p>\n<h3>Roof inspection<\/h3>\n<p>[\/et_pb_text][et_pb_image src=&#8221;https:\/\/inspecsolutions.ca\/wp-content\/uploads\/2024\/04\/Service-Inspection-1.jpg&#8221; alt=&#8221;Inspection&#8221; title_text=&#8221;Inspection&#8221; _builder_version=&#8221;4.27.2&#8243; _module_preset=&#8221;default&#8221; global_colors_info=&#8221;{}&#8221;][\/et_pb_image][\/et_pb_column][\/et_pb_row][et_pb_row _builder_version=&#8221;4.16&#8243; background_size=&#8221;initial&#8221; background_position=&#8221;top_left&#8221; background_repeat=&#8221;repeat&#8221; custom_width_px=&#8221;710px&#8221; global_colors_info=&#8221;{}&#8221;][et_pb_column type=&#8221;4_4&#8243; _builder_version=&#8221;4.16&#8243; background_position=&#8221;top_left&#8221; custom_padding=&#8221;|||&#8221; global_colors_info=&#8221;{}&#8221; custom_padding__hover=&#8221;|||&#8221;][et_pb_text admin_label=&#8221;Statistics Section Subtitle&#8221; _builder_version=&#8221;4.27.4&#8243; text_line_height=&#8221;1.9em&#8221; header_2_font=&#8221;|700|||||||&#8221; header_2_font_size=&#8221;20px&#8221; background_size=&#8221;initial&#8221; background_position=&#8221;top_left&#8221; background_repeat=&#8221;repeat&#8221; module_alignment=&#8221;left&#8221; animation_style=&#8221;fold&#8221; animation_direction=&#8221;bottom&#8221; animation_intensity_fold=&#8221;20%&#8221; hover_enabled=&#8221;0&#8243; global_colors_info=&#8221;{}&#8221; sticky_enabled=&#8221;0&#8243;]<\/p>\n<h2>VISUAL INSPECTION<\/h2>\n<ul>\n<li>We conduct thorough visual roof inspections to identify early signs of material degradation, enabling prompt intervention before damage worsens.<\/li>\n<li>Our team inspects the flashings and identifies potential wind-induced lifting, ensuring the structural integrity and durability of your roof against natural elements.<\/li>\n<li>We collect on-site samples to test the quality of the installation and the condition of roof components, ensuring compliance with industry standards.<\/li>\n<li>We analyze the design of parapets, slopes, and drainage systems to ensure your roof meets safety and efficiency standards.<\/li>\n<\/ul>\n<h2>THERMOGRAPHIC ANALYSIS<\/h2>\n<ul>\n<li>We use thermal cameras to assess the efficiency of your roof&#8217;s insulation and ventilation, identifying areas requiring improvements to optimize energy performance.<\/li>\n<\/ul>\n<h2>WRITTEN REPORT<\/h2>\n<ul>\n<li>Following our inspection, we prepare a detailed report highlighting observations and recommending necessary corrective actions to maintain or restore the quality of your roof.<\/li>\n<\/ul>\n<p>[\/et_pb_text][\/et_pb_column][\/et_pb_row][\/et_pb_section][et_pb_section fb_built=&#8221;1&#8243; admin_label=&#8221;Statistics&#8221; _builder_version=&#8221;4.24.3&#8243; background_color=&#8221;#DADADA&#8221; custom_padding=&#8221;60px||60px||true|&#8221; global_colors_info=&#8221;{}&#8221;][et_pb_row _builder_version=&#8221;4.24.3&#8243; _module_preset=&#8221;default&#8221; global_colors_info=&#8221;{}&#8221;][et_pb_column type=&#8221;4_4&#8243; _builder_version=&#8221;4.24.3&#8243; _module_preset=&#8221;default&#8221; global_colors_info=&#8221;{}&#8221;][et_pb_divider color=&#8221;#0A4268&#8243; divider_weight=&#8221;3px&#8221; disabled_on=&#8221;off|off|off&#8221; _builder_version=&#8221;4.24.3&#8243; background_color_gradient_direction=&#8221;90deg&#8221; max_width=&#8221;100px&#8221; module_alignment=&#8221;center&#8221; height=&#8221;5px&#8221; custom_margin=&#8221;||20px|&#8221; custom_padding=&#8221;||20px|&#8221; animation_style=&#8221;slide&#8221; animation_direction=&#8221;bottom&#8221; saved_tabs=&#8221;all&#8221; locked=&#8221;off&#8221; global_colors_info=&#8221;{}&#8221;][\/et_pb_divider][et_pb_text admin_label=&#8221;Statistics Section Title&#8221; _builder_version=&#8221;4.27.2&#8243; text_font=&#8221;|||on|||||&#8221; header_font=&#8221;Montserrat|||on|||||&#8221; header_text_color=&#8221;#1f1f1f&#8221; header_font_size=&#8221;36px&#8221; text_orientation=&#8221;center&#8221; max_width=&#8221;710px&#8221; module_alignment=&#8221;center&#8221; animation_style=&#8221;fold&#8221; animation_direction=&#8221;bottom&#8221; animation_intensity_fold=&#8221;20%&#8221; global_colors_info=&#8221;{}&#8221;]<\/p>\n<h3>Preventive maintenance program<\/h3>\n<p>[\/et_pb_text][et_pb_image src=&#8221;https:\/\/inspecsolutions.ca\/wp-content\/uploads\/2024\/04\/Service-Entretien-1.jpg&#8221; alt=&#8221;Preventive maintenance program&#8221; title_text=&#8221;Preventive maintenance program&#8221; _builder_version=&#8221;4.27.2&#8243; _module_preset=&#8221;default&#8221; global_colors_info=&#8221;{}&#8221;][\/et_pb_image][\/et_pb_column][\/et_pb_row][et_pb_row _builder_version=&#8221;4.16&#8243; background_size=&#8221;initial&#8221; background_position=&#8221;top_left&#8221; background_repeat=&#8221;repeat&#8221; custom_width_px=&#8221;710px&#8221; global_colors_info=&#8221;{}&#8221;][et_pb_column type=&#8221;4_4&#8243; _builder_version=&#8221;4.16&#8243; background_position=&#8221;top_left&#8221; custom_padding=&#8221;|||&#8221; global_colors_info=&#8221;{}&#8221; custom_padding__hover=&#8221;|||&#8221;][et_pb_text admin_label=&#8221;Statistics Section Subtitle&#8221; _builder_version=&#8221;4.27.2&#8243; text_line_height=&#8221;1.9em&#8221; header_2_font=&#8221;|700|||||||&#8221; header_2_font_size=&#8221;20px&#8221; background_size=&#8221;initial&#8221; background_position=&#8221;top_left&#8221; background_repeat=&#8221;repeat&#8221; module_alignment=&#8221;left&#8221; animation_style=&#8221;fold&#8221; animation_direction=&#8221;bottom&#8221; animation_intensity_fold=&#8221;20%&#8221; global_colors_info=&#8221;{}&#8221;]<\/p>\n<h2><span style=\"text-transform: uppercase;\"><strong>Maintenance plan to extend the lifespan of your roofs<\/strong><\/span><\/h2>\n<ul>\n<li>We develop customized preventive maintenance plans, targeting the specific needs of each roof to extend its lifespan and optimize long-term performance.<\/li>\n<\/ul>\n<p>[\/et_pb_text][\/et_pb_column][\/et_pb_row][\/et_pb_section][et_pb_section fb_built=&#8221;1&#8243; admin_label=&#8221;Statistics&#8221; _builder_version=&#8221;4.24.3&#8243; background_color=&#8221;#FFFFFF&#8221; custom_padding=&#8221;90px||90px|&#8221; global_colors_info=&#8221;{}&#8221;][et_pb_row _builder_version=&#8221;4.24.3&#8243; _module_preset=&#8221;default&#8221; global_colors_info=&#8221;{}&#8221;][et_pb_column type=&#8221;4_4&#8243; _builder_version=&#8221;4.24.3&#8243; _module_preset=&#8221;default&#8221; global_colors_info=&#8221;{}&#8221;][et_pb_divider color=&#8221;#0A4268&#8243; divider_weight=&#8221;3px&#8221; disabled_on=&#8221;off|off|off&#8221; _builder_version=&#8221;4.24.3&#8243; background_color_gradient_direction=&#8221;90deg&#8221; max_width=&#8221;100px&#8221; module_alignment=&#8221;center&#8221; height=&#8221;5px&#8221; custom_margin=&#8221;||20px|&#8221; custom_padding=&#8221;||20px|&#8221; animation_style=&#8221;slide&#8221; animation_direction=&#8221;bottom&#8221; saved_tabs=&#8221;all&#8221; locked=&#8221;off&#8221; global_colors_info=&#8221;{}&#8221;][\/et_pb_divider][et_pb_text admin_label=&#8221;Statistics Section Title&#8221; _builder_version=&#8221;4.27.4&#8243; text_font=&#8221;|||on|||||&#8221; header_font=&#8221;Montserrat|||on|||||&#8221; header_text_color=&#8221;#1f1f1f&#8221; header_font_size=&#8221;36px&#8221; text_orientation=&#8221;center&#8221; max_width=&#8221;710px&#8221; module_alignment=&#8221;center&#8221; animation_style=&#8221;fold&#8221; animation_direction=&#8221;bottom&#8221; animation_intensity_fold=&#8221;20%&#8221; hover_enabled=&#8221;0&#8243; global_colors_info=&#8221;{}&#8221; sticky_enabled=&#8221;0&#8243;]<\/p>\n<h3>Estimate<\/h3>\n<p>[\/et_pb_text][et_pb_image src=&#8221;https:\/\/inspecsolutions.ca\/wp-content\/uploads\/2024\/04\/Service-Surveillance-1.jpg&#8221; alt=&#8221;Work supervision&#8221; title_text=&#8221;Work supervision&#8221; _builder_version=&#8221;4.27.2&#8243; _module_preset=&#8221;default&#8221; global_colors_info=&#8221;{}&#8221;][\/et_pb_image][\/et_pb_column][\/et_pb_row][et_pb_row _builder_version=&#8221;4.16&#8243; background_size=&#8221;initial&#8221; background_position=&#8221;top_left&#8221; background_repeat=&#8221;repeat&#8221; custom_width_px=&#8221;710px&#8221; global_colors_info=&#8221;{}&#8221;][et_pb_column type=&#8221;4_4&#8243; _builder_version=&#8221;4.16&#8243; background_position=&#8221;top_left&#8221; custom_padding=&#8221;|||&#8221; global_colors_info=&#8221;{}&#8221; custom_padding__hover=&#8221;|||&#8221;][et_pb_text admin_label=&#8221;Statistics Section Subtitle&#8221; _builder_version=&#8221;4.27.4&#8243; text_line_height=&#8221;1.9em&#8221; header_2_font=&#8221;|700|||||||&#8221; header_2_font_size=&#8221;20px&#8221; background_size=&#8221;initial&#8221; background_position=&#8221;top_left&#8221; background_repeat=&#8221;repeat&#8221; module_alignment=&#8221;left&#8221; animation_style=&#8221;fold&#8221; animation_direction=&#8221;bottom&#8221; animation_intensity_fold=&#8221;20%&#8221; hover_enabled=&#8221;0&#8243; global_colors_info=&#8221;{}&#8221; sticky_enabled=&#8221;0&#8243;]<\/p>\n<h2>PREPARATION OF ESTIMATES<\/h2>\n<ul>\n<li>We prepare detailed estimates and recommend material compositions tailored to the repair and improvement of your roof, ensuring customized and effective solutions.<\/li>\n<\/ul>\n<h2>PREPARATION OF TENDERS<\/h2>\n<ul>\n<li>We manage the preparation of tenders for roof repairs, streamlining the selection process for qualified contractors and ensuring compliance with project specifications.<\/li>\n<\/ul>\n<h2>DAILY SUPERVISION<\/h2>\n<ul>\n<li>Notre service de supervision journali\u00e8re garantit que toutes les phases de construction sont ex\u00e9cut\u00e9es correctement et document\u00e9es, assurant ainsi le maintien de la garantie du fabricant.<\/li>\n<\/ul>\n<p>[\/et_pb_text][\/et_pb_column][\/et_pb_row][\/et_pb_section]<\/p>\n","protected":false},"excerpt":{"rendered":"<p>Roof inspection and preventive maintenanceRoof inspectionVISUAL INSPECTION We conduct thorough visual roof inspections to identify early signs of material degradation, enabling prompt intervention before damage worsens. Our team inspects the flashings and identifies potential wind-induced lifting, ensuring the structural integrity and durability of your roof against natural elements. We collect on-site samples to test the [&hellip;]<\/p>\n","protected":false},"author":1,"featured_media":0,"parent":0,"menu_order":2,"comment_status":"closed","ping_status":"closed","template":"","meta":{"_et_pb_use_builder":"on","_et_pb_old_content":"","_et_gb_content_width":"","footnotes":""},"class_list":["post-215","page","type-page","status-publish","hentry"],"yoast_head":"<!-- This site is optimized with the Yoast SEO plugin v27.5 - https:\/\/yoast.com\/product\/yoast-seo-wordpress\/ -->\n<title>Roof Inspection || Inspec Solutions<\/title>\n<meta name=\"description\" content=\"Roof inspection: detecting degradation, preventive maintenance, and work supervision to extend the lifespan of roofs.\" \/>\n<meta name=\"robots\" content=\"index, follow, max-snippet:-1, max-image-preview:large, max-video-preview:-1\" \/>\n<link rel=\"canonical\" href=\"https:\/\/inspecsolutions.ca\/en\/services\/\" \/>\n<meta property=\"og:locale\" content=\"en_US\" \/>\n<meta property=\"og:type\" content=\"article\" \/>\n<meta property=\"og:title\" content=\"Roof Inspection || Inspec Solutions\" \/>\n<meta property=\"og:description\" content=\"Roof inspection: detecting degradation, preventive maintenance, and work supervision to extend the lifespan of roofs.\" \/>\n<meta property=\"og:url\" content=\"https:\/\/inspecsolutions.ca\/en\/services\/\" \/>\n<meta property=\"og:site_name\" content=\"Inspec Solutions || Inspecteurs - Inspections\" \/>\n<meta property=\"article:modified_time\" content=\"2024-11-29T16:28:27+00:00\" \/>\n<meta name=\"twitter:card\" content=\"summary_large_image\" \/>\n<meta name=\"twitter:label1\" content=\"Est. reading time\" \/>\n\t<meta name=\"twitter:data1\" content=\"6 minutes\" \/>\n<script type=\"application\/ld+json\" class=\"yoast-schema-graph\">{\"@context\":\"https:\\\/\\\/schema.org\",\"@graph\":[{\"@type\":\"WebPage\",\"@id\":\"https:\\\/\\\/inspecsolutions.ca\\\/en\\\/services\\\/\",\"url\":\"https:\\\/\\\/inspecsolutions.ca\\\/en\\\/services\\\/\",\"name\":\"Roof Inspection || Inspec Solutions\",\"isPartOf\":{\"@id\":\"https:\\\/\\\/inspecsolutions.ca\\\/#website\"},\"datePublished\":\"2024-04-14T19:20:43+00:00\",\"dateModified\":\"2024-11-29T16:28:27+00:00\",\"description\":\"Roof inspection: detecting degradation, preventive maintenance, and work supervision to extend the lifespan of roofs.\",\"breadcrumb\":{\"@id\":\"https:\\\/\\\/inspecsolutions.ca\\\/en\\\/services\\\/#breadcrumb\"},\"inLanguage\":\"en-US\",\"potentialAction\":[{\"@type\":\"ReadAction\",\"target\":[\"https:\\\/\\\/inspecsolutions.ca\\\/en\\\/services\\\/\"]}]},{\"@type\":\"BreadcrumbList\",\"@id\":\"https:\\\/\\\/inspecsolutions.ca\\\/en\\\/services\\\/#breadcrumb\",\"itemListElement\":[{\"@type\":\"ListItem\",\"position\":1,\"name\":\"Accueil\",\"item\":\"https:\\\/\\\/inspecsolutions.ca\\\/en\\\/home\\\/\"},{\"@type\":\"ListItem\",\"position\":2,\"name\":\"Roof inspection\"}]},{\"@type\":\"WebSite\",\"@id\":\"https:\\\/\\\/inspecsolutions.ca\\\/#website\",\"url\":\"https:\\\/\\\/inspecsolutions.ca\\\/\",\"name\":\"Inspec Solutions\",\"description\":\"Inspec Solutions || Inspecteurs - Inspections\",\"publisher\":{\"@id\":\"https:\\\/\\\/inspecsolutions.ca\\\/#organization\"},\"potentialAction\":[{\"@type\":\"SearchAction\",\"target\":{\"@type\":\"EntryPoint\",\"urlTemplate\":\"https:\\\/\\\/inspecsolutions.ca\\\/?s={search_term_string}\"},\"query-input\":{\"@type\":\"PropertyValueSpecification\",\"valueRequired\":true,\"valueName\":\"search_term_string\"}}],\"inLanguage\":\"en-US\"},{\"@type\":\"Organization\",\"@id\":\"https:\\\/\\\/inspecsolutions.ca\\\/#organization\",\"name\":\"Inspec Solutions\",\"url\":\"https:\\\/\\\/inspecsolutions.ca\\\/\",\"logo\":{\"@type\":\"ImageObject\",\"inLanguage\":\"en-US\",\"@id\":\"https:\\\/\\\/inspecsolutions.ca\\\/#\\\/schema\\\/logo\\\/image\\\/\",\"url\":\"https:\\\/\\\/inspecsolutions.ca\\\/wp-content\\\/uploads\\\/2024\\\/04\\\/logo-inspect-1.png\",\"contentUrl\":\"https:\\\/\\\/inspecsolutions.ca\\\/wp-content\\\/uploads\\\/2024\\\/04\\\/logo-inspect-1.png\",\"width\":500,\"height\":129,\"caption\":\"Inspec Solutions\"},\"image\":{\"@id\":\"https:\\\/\\\/inspecsolutions.ca\\\/#\\\/schema\\\/logo\\\/image\\\/\"}}]}<\/script>\n<!-- \/ Yoast SEO plugin. -->","yoast_head_json":{"title":"Roof Inspection || Inspec Solutions","description":"Roof inspection: detecting degradation, preventive maintenance, and work supervision to extend the lifespan of roofs.","robots":{"index":"index","follow":"follow","max-snippet":"max-snippet:-1","max-image-preview":"max-image-preview:large","max-video-preview":"max-video-preview:-1"},"canonical":"https:\/\/inspecsolutions.ca\/en\/services\/","og_locale":"en_US","og_type":"article","og_title":"Roof Inspection || Inspec Solutions","og_description":"Roof inspection: detecting degradation, preventive maintenance, and work supervision to extend the lifespan of roofs.","og_url":"https:\/\/inspecsolutions.ca\/en\/services\/","og_site_name":"Inspec Solutions || Inspecteurs - Inspections","article_modified_time":"2024-11-29T16:28:27+00:00","twitter_card":"summary_large_image","twitter_misc":{"Est. reading time":"6 minutes"},"schema":{"@context":"https:\/\/schema.org","@graph":[{"@type":"WebPage","@id":"https:\/\/inspecsolutions.ca\/en\/services\/","url":"https:\/\/inspecsolutions.ca\/en\/services\/","name":"Roof Inspection || Inspec Solutions","isPartOf":{"@id":"https:\/\/inspecsolutions.ca\/#website"},"datePublished":"2024-04-14T19:20:43+00:00","dateModified":"2024-11-29T16:28:27+00:00","description":"Roof inspection: detecting degradation, preventive maintenance, and work supervision to extend the lifespan of roofs.","breadcrumb":{"@id":"https:\/\/inspecsolutions.ca\/en\/services\/#breadcrumb"},"inLanguage":"en-US","potentialAction":[{"@type":"ReadAction","target":["https:\/\/inspecsolutions.ca\/en\/services\/"]}]},{"@type":"BreadcrumbList","@id":"https:\/\/inspecsolutions.ca\/en\/services\/#breadcrumb","itemListElement":[{"@type":"ListItem","position":1,"name":"Accueil","item":"https:\/\/inspecsolutions.ca\/en\/home\/"},{"@type":"ListItem","position":2,"name":"Roof inspection"}]},{"@type":"WebSite","@id":"https:\/\/inspecsolutions.ca\/#website","url":"https:\/\/inspecsolutions.ca\/","name":"Inspec Solutions","description":"Inspec Solutions || Inspecteurs - Inspections","publisher":{"@id":"https:\/\/inspecsolutions.ca\/#organization"},"potentialAction":[{"@type":"SearchAction","target":{"@type":"EntryPoint","urlTemplate":"https:\/\/inspecsolutions.ca\/?s={search_term_string}"},"query-input":{"@type":"PropertyValueSpecification","valueRequired":true,"valueName":"search_term_string"}}],"inLanguage":"en-US"},{"@type":"Organization","@id":"https:\/\/inspecsolutions.ca\/#organization","name":"Inspec Solutions","url":"https:\/\/inspecsolutions.ca\/","logo":{"@type":"ImageObject","inLanguage":"en-US","@id":"https:\/\/inspecsolutions.ca\/#\/schema\/logo\/image\/","url":"https:\/\/inspecsolutions.ca\/wp-content\/uploads\/2024\/04\/logo-inspect-1.png","contentUrl":"https:\/\/inspecsolutions.ca\/wp-content\/uploads\/2024\/04\/logo-inspect-1.png","width":500,"height":129,"caption":"Inspec Solutions"},"image":{"@id":"https:\/\/inspecsolutions.ca\/#\/schema\/logo\/image\/"}}]}},"_links":{"self":[{"href":"https:\/\/inspecsolutions.ca\/en\/wp-json\/wp\/v2\/pages\/215","targetHints":{"allow":["GET"]}}],"collection":[{"href":"https:\/\/inspecsolutions.ca\/en\/wp-json\/wp\/v2\/pages"}],"about":[{"href":"https:\/\/inspecsolutions.ca\/en\/wp-json\/wp\/v2\/types\/page"}],"author":[{"embeddable":true,"href":"https:\/\/inspecsolutions.ca\/en\/wp-json\/wp\/v2\/users\/1"}],"replies":[{"embeddable":true,"href":"https:\/\/inspecsolutions.ca\/en\/wp-json\/wp\/v2\/comments?post=215"}],"version-history":[{"count":13,"href":"https:\/\/inspecsolutions.ca\/en\/wp-json\/wp\/v2\/pages\/215\/revisions"}],"predecessor-version":[{"id":386,"href":"https:\/\/inspecsolutions.ca\/en\/wp-json\/wp\/v2\/pages\/215\/revisions\/386"}],"wp:attachment":[{"href":"https:\/\/inspecsolutions.ca\/en\/wp-json\/wp\/v2\/media?parent=215"}],"curies":[{"name":"wp","href":"https:\/\/api.w.org\/{rel}","templated":true}]}}